{"id":1100,"date":"2024-12-06T09:27:41","date_gmt":"2024-12-06T09:27:41","guid":{"rendered":"https:\/\/servxpressrestorations.com\/?page_id=1100"},"modified":"2025-04-30T03:29:33","modified_gmt":"2025-04-30T03:29:33","slug":"terms-and-conditions","status":"publish","type":"page","link":"https:\/\/servxpressrestorations.com\/es\/terms-and-conditions\/","title":{"rendered":"T\u00e9rminos y Condiciones"},"content":{"rendered":"<div data-elementor-type=\"wp-page\" data-elementor-id=\"1100\" class=\"elementor elementor-1100\" data-elementor-post-type=\"page\">\n\t\t\t\t<div class=\"elementor-element elementor-element-04b4023 e-flex e-con-boxed e-con e-parent\" data-id=\"04b4023\" data-element_type=\"container\" data-settings=\"{&quot;background_background&quot;:&quot;classic&quot;}\">\n\t\t\t\t\t<div class=\"e-con-inner\">\n\t\t\t\t<div class=\"elementor-element elementor-element-ac89ea7 elementor-widget elementor-widget-heading\" data-id=\"ac89ea7\" data-element_type=\"widget\" data-settings=\"{&quot;wdt_animation_effect&quot;:&quot;none&quot;}\" data-widget_type=\"heading.default\">\n\t\t\t\t<div class=\"elementor-widget-container\">\n\t\t\t\t\t<h2 class=\"elementor-heading-title elementor-size-default\">T\u00e9rminos y Condiciones<\/h2>\t\t\t\t<\/div>\n\t\t\t\t<\/div>\n\t\t\t\t\t<\/div>\n\t\t\t\t<\/div>\n\t\t<div class=\"elementor-element elementor-element-babbb58 e-flex e-con-boxed e-con e-parent\" data-id=\"babbb58\" data-element_type=\"container\">\n\t\t\t\t\t<div class=\"e-con-inner\">\n\t\t<div class=\"elementor-element elementor-element-acbf269 e-con-full e-flex e-con e-child\" data-id=\"acbf269\" data-element_type=\"container\">\n\t\t\t\t<div class=\"elementor-element elementor-element-aea2277 elementor-widget elementor-widget-heading\" data-id=\"aea2277\" data-element_type=\"widget\" data-settings=\"{&quot;wdt_animation_effect&quot;:&quot;none&quot;}\" data-widget_type=\"heading.default\">\n\t\t\t\t<div class=\"elementor-widget-container\">\n\t\t\t\t\t<h3 class=\"elementor-heading-title elementor-size-default\">T\u00e9rminos y Condiciones<\/h3>\t\t\t\t<\/div>\n\t\t\t\t<\/div>\n\t\t\t\t<div class=\"elementor-element elementor-element-62bbbec elementor-widget elementor-widget-heading\" data-id=\"62bbbec\" data-element_type=\"widget\" data-settings=\"{&quot;wdt_animation_effect&quot;:&quot;none&quot;}\" data-widget_type=\"heading.default\">\n\t\t\t\t<div class=\"elementor-widget-container\">\n\t\t\t\t\t<h3 class=\"elementor-heading-title elementor-size-default\">\u00daltima actualizaci\u00f3n: 14 de abril de 2025\n<\/h3>\t\t\t\t<\/div>\n\t\t\t\t<\/div>\n\t\t\t\t<div class=\"elementor-element elementor-element-db8f202 elementor-widget elementor-widget-text-editor\" data-id=\"db8f202\" data-element_type=\"widget\" data-settings=\"{&quot;wdt_animation_effect&quot;:&quot;none&quot;}\" data-widget_type=\"text-editor.default\">\n\t\t\t\t<div class=\"elementor-widget-container\">\n\t\t\t\t\t\t\t\t\t<p>Bienvenido al sitio web oficial de SERVXPRESS RESTORATIONS. Al acceder, navegar o utilizar este sitio web, usted acepta cumplir con los siguientes T\u00e9rminos y Condiciones de Uso. Si no est\u00e1 de acuerdo con estos t\u00e9rminos, por favor abst\u00e9ngase de utilizar este sitio.<\/p>\t\t\t\t\t\t\t\t<\/div>\n\t\t\t\t<\/div>\n\t\t\t\t<div class=\"elementor-element elementor-element-02e1177 elementor-widget elementor-widget-wdt-heading\" data-id=\"02e1177\" data-element_type=\"widget\" data-settings=\"{&quot;title_vertical_align&quot;:&quot;center&quot;,&quot;subtitle_vertical_align&quot;:&quot;center&quot;,&quot;wdt_animation_effect&quot;:&quot;none&quot;}\" data-widget_type=\"wdt-heading.default\">\n\t\t\t\t<div class=\"elementor-widget-container\">\n\t\t\t\t\t<div class=\"wdt-heading-holder\" id=\"wdt-heading-02e1177\"><h4 class=\"wdt-heading-title-wrapper wdt-heading-align-center wdt-heading-deco-wrapper\"><span class=\"wdt-heading-title\">1. Uso del Sitio Web<\/span><\/h4><div class=\"wdt-heading-content-wrapper\">Este sitio web est\u00e1 destinado a proporcionar informaci\u00f3n general sobre los servicios ofrecidos por SERVXPRESS RESTORATIONS, que incluyen, entre otros: restauraci\u00f3n de da\u00f1os por agua, restauraci\u00f3n por fuego y humo, remediaci\u00f3n de moho, limpieza especializada y asistencia con reclamaciones de seguros.\n<\/div><\/div>\t\t\t\t<\/div>\n\t\t\t\t<\/div>\n\t\t\t\t<div class=\"elementor-element elementor-element-e4f3487 elementor-widget elementor-widget-wdt-heading\" data-id=\"e4f3487\" data-element_type=\"widget\" data-settings=\"{&quot;title_vertical_align&quot;:&quot;center&quot;,&quot;subtitle_vertical_align&quot;:&quot;center&quot;,&quot;wdt_animation_effect&quot;:&quot;none&quot;}\" data-widget_type=\"wdt-heading.default\">\n\t\t\t\t<div class=\"elementor-widget-container\">\n\t\t\t\t\t<div class=\"wdt-heading-holder\" id=\"wdt-heading-e4f3487\"><h4 class=\"wdt-heading-title-wrapper wdt-heading-align-center wdt-heading-deco-wrapper\"><span class=\"wdt-heading-title\">2. Propiedad Intelectual<\/span><\/h4><div class=\"wdt-heading-content-wrapper\">Todo el contenido de este sitio web\u2014incluyendo textos, im\u00e1genes, logotipos, videos, gr\u00e1ficos y software\u2014es propiedad exclusiva de SERVXPRESS RESTORATIONS o se utiliza bajo la licencia correspondiente. Se proh\u00edbe estrictamente la reproducci\u00f3n, distribuci\u00f3n, modificaci\u00f3n o uso no autorizado de cualquier contenido sin el consentimiento escrito previo.<\/div><\/div>\t\t\t\t<\/div>\n\t\t\t\t<\/div>\n\t\t\t\t<div class=\"elementor-element elementor-element-b8240cb elementor-widget elementor-widget-wdt-heading\" data-id=\"b8240cb\" data-element_type=\"widget\" data-settings=\"{&quot;title_vertical_align&quot;:&quot;center&quot;,&quot;subtitle_vertical_align&quot;:&quot;center&quot;,&quot;wdt_animation_effect&quot;:&quot;none&quot;}\" data-widget_type=\"wdt-heading.default\">\n\t\t\t\t<div class=\"elementor-widget-container\">\n\t\t\t\t\t<div class=\"wdt-heading-holder\" id=\"wdt-heading-b8240cb\"><h4 class=\"wdt-heading-title-wrapper wdt-heading-align-center wdt-heading-deco-wrapper\"><span class=\"wdt-heading-title\">3. Formularios de Contacto y Bolet\u00edn Informativo<\/span><\/h4><div class=\"wdt-heading-content-wrapper\">Al enviar un formulario de contacto, programar una cita o suscribirte a nuestro bolet\u00edn, das tu consentimiento para ser contactado por correo electr\u00f3nico, tel\u00e9fono o mensaje de texto con fines informativos, transaccionales o promocionales. Tu informaci\u00f3n personal ser\u00e1 gestionada de acuerdo con nuestra Pol\u00edtica de Privacidad.<\/div><\/div>\t\t\t\t<\/div>\n\t\t\t\t<\/div>\n\t\t\t\t<div class=\"elementor-element elementor-element-015f78b elementor-widget elementor-widget-wdt-heading\" data-id=\"015f78b\" data-element_type=\"widget\" data-settings=\"{&quot;title_vertical_align&quot;:&quot;center&quot;,&quot;subtitle_vertical_align&quot;:&quot;center&quot;,&quot;wdt_animation_effect&quot;:&quot;none&quot;}\" data-widget_type=\"wdt-heading.default\">\n\t\t\t\t<div class=\"elementor-widget-container\">\n\t\t\t\t\t<div class=\"wdt-heading-holder\" id=\"wdt-heading-015f78b\"><h4 class=\"wdt-heading-title-wrapper wdt-heading-align-center wdt-heading-deco-wrapper\"><span class=\"wdt-heading-title\">4. Contenido de Terceros y Enlaces Externos<\/span><\/h4><div class=\"wdt-heading-content-wrapper\">Este sitio web puede contener enlaces a sitios web de terceros para tu conveniencia. SERVXPRESS RESTORATIONS no respalda ni se hace responsable del contenido, las pol\u00edticas o las pr\u00e1cticas de dichos sitios externos.<\/div><\/div>\t\t\t\t<\/div>\n\t\t\t\t<\/div>\n\t\t\t\t<div class=\"elementor-element elementor-element-64ff9bb elementor-widget elementor-widget-wdt-heading\" data-id=\"64ff9bb\" data-element_type=\"widget\" data-settings=\"{&quot;title_vertical_align&quot;:&quot;center&quot;,&quot;subtitle_vertical_align&quot;:&quot;center&quot;,&quot;wdt_animation_effect&quot;:&quot;none&quot;}\" data-widget_type=\"wdt-heading.default\">\n\t\t\t\t<div class=\"elementor-widget-container\">\n\t\t\t\t\t<div class=\"wdt-heading-holder\" id=\"wdt-heading-64ff9bb\"><h4 class=\"wdt-heading-title-wrapper wdt-heading-align-center wdt-heading-deco-wrapper\"><span class=\"wdt-heading-title\">5. Limitaci\u00f3n de Responsabilidad<\/span><\/h4><div class=\"wdt-heading-content-wrapper\">Aunque nos esforzamos por mantener el contenido preciso y actualizado, SERVXPRESS RESTORATIONS no garantiza que el sitio web funcione sin errores o interrupciones. No somos responsables de da\u00f1os directos, indirectos, incidentales o consecuentes derivados del uso de este sitio web o de cualquier componente perjudicial como virus.<\/div><\/div>\t\t\t\t<\/div>\n\t\t\t\t<\/div>\n\t\t\t\t<div class=\"elementor-element elementor-element-8f5931d elementor-widget elementor-widget-wdt-heading\" data-id=\"8f5931d\" data-element_type=\"widget\" data-settings=\"{&quot;title_vertical_align&quot;:&quot;center&quot;,&quot;subtitle_vertical_align&quot;:&quot;center&quot;,&quot;wdt_animation_effect&quot;:&quot;none&quot;}\" data-widget_type=\"wdt-heading.default\">\n\t\t\t\t<div class=\"elementor-widget-container\">\n\t\t\t\t\t<div class=\"wdt-heading-holder\" id=\"wdt-heading-8f5931d\"><h4 class=\"wdt-heading-title-wrapper wdt-heading-align-center wdt-heading-deco-wrapper\"><span class=\"wdt-heading-title\">6. Cambios en los T\u00e9rminos y Condiciones<\/span><\/h4><div class=\"wdt-heading-content-wrapper\">Nos reservamos el derecho de actualizar, modificar o revisar estos T\u00e9rminos y Condiciones en cualquier momento. Cualquier cambio entrar\u00e1 en vigor una vez publicado en esta p\u00e1gina. Es tu responsabilidad revisar esta secci\u00f3n peri\u00f3dicamente para estar al tanto de las actualizaciones.<\/div><\/div>\t\t\t\t<\/div>\n\t\t\t\t<\/div>\n\t\t\t\t<div class=\"elementor-element elementor-element-7f394d2 elementor-widget elementor-widget-wdt-heading\" data-id=\"7f394d2\" data-element_type=\"widget\" data-settings=\"{&quot;title_vertical_align&quot;:&quot;center&quot;,&quot;subtitle_vertical_align&quot;:&quot;center&quot;,&quot;wdt_animation_effect&quot;:&quot;none&quot;}\" data-widget_type=\"wdt-heading.default\">\n\t\t\t\t<div class=\"elementor-widget-container\">\n\t\t\t\t\t<div class=\"wdt-heading-holder\" id=\"wdt-heading-7f394d2\"><h4 class=\"wdt-heading-title-wrapper wdt-heading-align-center wdt-heading-deco-wrapper\"><span class=\"wdt-heading-title\">7. Ley Aplicable<\/span><\/h4><div class=\"wdt-heading-content-wrapper\">Estos T\u00e9rminos y Condiciones se regir\u00e1n e interpretar\u00e1n de acuerdo con las leyes del Estado de Texas. Cualquier disputa que surja del uso de este sitio estar\u00e1 sujeta a la jurisdicci\u00f3n exclusiva de los tribunales de dicho estado.<\/div><\/div>\t\t\t\t<\/div>\n\t\t\t\t<\/div>\n\t\t\t\t<div class=\"elementor-element elementor-element-7e88ab1 elementor-widget elementor-widget-wdt-heading\" data-id=\"7e88ab1\" data-element_type=\"widget\" data-settings=\"{&quot;title_vertical_align&quot;:&quot;center&quot;,&quot;subtitle_vertical_align&quot;:&quot;center&quot;,&quot;wdt_animation_effect&quot;:&quot;none&quot;}\" data-widget_type=\"wdt-heading.default\">\n\t\t\t\t<div class=\"elementor-widget-container\">\n\t\t\t\t\t<div class=\"wdt-heading-holder\" id=\"wdt-heading-7e88ab1\"><h4 class=\"wdt-heading-title-wrapper wdt-heading-align-center wdt-heading-deco-wrapper\"><span class=\"wdt-heading-title\">8. Cont\u00e1ctanos<\/span><\/h4><div class=\"wdt-heading-content-wrapper\">Si tienes alguna pregunta o inquietud sobre estos T\u00e9rminos y Condiciones, por favor cont\u00e1ctanos en:<\/div><\/div>\t\t\t\t<\/div>\n\t\t\t\t<\/div>\n\t\t\t\t<div class=\"elementor-element elementor-element-0280b20 elementor-widget elementor-widget-text-editor\" data-id=\"0280b20\" data-element_type=\"widget\" data-settings=\"{&quot;wdt_animation_effect&quot;:&quot;none&quot;}\" data-widget_type=\"text-editor.default\">\n\t\t\t\t<div class=\"elementor-widget-container\">\n\t\t\t\t\t\t\t\t\t<p>Email <a href=\"mailto:info@servxpress.com\">info@servxpress.com<\/a><br \/>Tel\u00e9fono\u00a0<a href=\"tel:8323921147\">(832)\u00a0392-1147<\/a><\/p>\t\t\t\t\t\t\t\t<\/div>\n\t\t\t\t<\/div>\n\t\t\t\t<\/div>\n\t\t\t\t\t<\/div>\n\t\t\t\t<\/div>\n\t\t\t\t<\/div>","protected":false},"excerpt":{"rendered":"<p>Terms and Conditions Terms and Conditions Last updated: April 14, 2025 Welcome to the official website of SERVXPRESS RESTORATIONS. By accessing, browsing, or using this website, you agree to comply with the following Terms and Conditions of Use. If you do not agree with these terms, please refrain from using this site. 1. Use of [&hellip;]<\/p>","protected":false},"author":3,"featured_media":0,"parent":0,"menu_order":0,"comment_status":"closed","ping_status":"closed","template":"elementor_header_footer","meta":{"footnotes":""},"class_list":["post-1100","page","type-page","status-publish","hentry"],"_links":{"self":[{"href":"https:\/\/servxpressrestorations.com\/es\/wp-json\/wp\/v2\/pages\/1100","targetHints":{"allow":["GET"]}}],"collection":[{"href":"https:\/\/servxpressrestorations.com\/es\/wp-json\/wp\/v2\/pages"}],"about":[{"href":"https:\/\/servxpressrestorations.com\/es\/wp-json\/wp\/v2\/types\/page"}],"author":[{"embeddable":true,"href":"https:\/\/servxpressrestorations.com\/es\/wp-json\/wp\/v2\/users\/3"}],"replies":[{"embeddable":true,"href":"https:\/\/servxpressrestorations.com\/es\/wp-json\/wp\/v2\/comments?post=1100"}],"version-history":[{"count":21,"href":"https:\/\/servxpressrestorations.com\/es\/wp-json\/wp\/v2\/pages\/1100\/revisions"}],"predecessor-version":[{"id":6620,"href":"https:\/\/servxpressrestorations.com\/es\/wp-json\/wp\/v2\/pages\/1100\/revisions\/6620"}],"wp:attachment":[{"href":"https:\/\/servxpressrestorations.com\/es\/wp-json\/wp\/v2\/media?parent=1100"}],"curies":[{"name":"wp","href":"https:\/\/api.w.org\/{rel}","templated":true}]}}